{"id":112,"date":"2025-12-03T14:37:54","date_gmt":"2025-12-03T14:37:54","guid":{"rendered":"https:\/\/un-nouvel-elan-pour-epernay.fr\/?page_id=112"},"modified":"2025-12-05T10:21:16","modified_gmt":"2025-12-05T10:21:16","slug":"politique-de-confidentialite","status":"publish","type":"page","link":"https:\/\/un-nouvel-elan-pour-epernay.fr\/?page_id=112","title":{"rendered":"Politique de confidentialit\u00e9"},"content":{"rendered":"<p>[et_pb_section fb_built=\u00a0\u00bb1&Prime; _builder_version=\u00a0\u00bb4.27.4&Prime; _module_preset=\u00a0\u00bbdefault\u00a0\u00bb global_colors_info=\u00a0\u00bb{}\u00a0\u00bb][et_pb_row _builder_version=\u00a0\u00bb4.27.4&Prime; _module_preset=\u00a0\u00bbdefault\u00a0\u00bb global_colors_info=\u00a0\u00bb{}\u00a0\u00bb][et_pb_column type=\u00a0\u00bb4_4&Prime; _builder_version=\u00a0\u00bb4.27.4&Prime; _module_preset=\u00a0\u00bbdefault\u00a0\u00bb global_colors_info=\u00a0\u00bb{}\u00a0\u00bb][et_pb_text _builder_version=\u00a0\u00bb4.27.4&Prime; _module_preset=\u00a0\u00bbdefault\u00a0\u00bb text_font=\u00a0\u00bbMontserrat||||||||\u00a0\u00bb text_text_color=\u00a0\u00bb#1d2253&Prime; background_color=\u00a0\u00bb#FFFFFF\u00a0\u00bb global_colors_info=\u00a0\u00bb{}\u00a0\u00bb]<\/p>\n<div class=\"et_pb_module et_pb_text et_pb_text_0  et_pb_text_align_left et_pb_bg_layout_light\">\n<div class=\"et_pb_text_inner\">\n<h1><strong>Politique de confidentialit\u00e9<\/strong><\/h1>\n<\/div>\n<\/div>\n<div class=\"et_pb_module et_pb_text et_pb_text_1  et_pb_text_align_left et_pb_bg_layout_light\">\n<div class=\"et_pb_text_inner\">\n<p class=\"p1\"><b>1. Responsable du traitement<\/b><\/p>\n<p class=\"p2\">\u2013 Nom \/ Raison sociale : Un nouvel \u00e9lan pour Epernay<br \/>\u2013 Adresse : <span>5 rue Chocatelle 51200 Epernay<\/span><br \/>\u2013\u00a0 E-mail : <a href=\"mailto:antoine0594@gmail.com\" target=\"_blank\" rel=\"noopener\">antoine0594@gmail.com<\/a><\/p>\n<p class=\"p1\"><b>2. Donn\u00e9es collect\u00e9es<\/b><\/p>\n<p class=\"p2\">Nous collectons les donn\u00e9es suivantes :<br \/>\u2013 Donn\u00e9es d\u2019identification : nom, pr\u00e9nom<br \/>\u2013 Coordonn\u00e9es : e-mail, t\u00e9l\u00e9phone, adresse<\/p>\n<p class=\"p1\"><b>3. Finalit\u00e9s de la collecte<\/b><\/p>\n<p class=\"p2\">Les donn\u00e9es collect\u00e9es sont utilis\u00e9es pour :<br \/>\u2013 gestion des demandes via le formulaire de contact<br \/>\u2013 envoi de newsletters et d\u2019informations<\/p>\n<p class=\"p1\"><b>4. Base l\u00e9gale du traitement<\/b><\/p>\n<p class=\"p2\">\u2013 Consentement de l\u2019utilisateur (article 6.1.a RGPD) pour inscription \u00e0 la newsletter<\/p>\n<p class=\"p1\"><b>5. Dur\u00e9e de conservation des donn\u00e9es<\/b><\/p>\n<p class=\"p2\">\u2013 Donn\u00e9es li\u00e9es aux formulaires : 1 an<br \/>\u2013 Donn\u00e9es clients\u00a0: 1 an<\/p>\n<p class=\"p1\"><b>6. Destinataires des donn\u00e9es<\/b><\/p>\n<p class=\"p2\">Les donn\u00e9es peuvent \u00eatre transmises \u00e0 :<br \/>\u2013 Elles ne sont pas vendues \u00e0 des tiers.<\/p>\n<p class=\"p1\"><b>7. Transferts hors Union Europ\u00e9enne<\/b><\/p>\n<p class=\"p2\">Indiquer si applicable :<br \/>\u2013 Non, les donn\u00e9es sont h\u00e9berg\u00e9es dans l\u2019UE<\/p>\n<p class=\"p1\"><b>8. Droits des utilisateurs<\/b><\/p>\n<p class=\"p2\">Conform\u00e9ment au RGPD, vous disposez des droits suivants :<br \/>\u2013 Droit d\u2019acc\u00e8s, de rectification, d\u2019effacement<br \/>\u2013 Droit \u00e0 la limitation et \u00e0 l\u2019opposition<br \/>\u2013 Droit \u00e0 la portabilit\u00e9 des donn\u00e9es<br \/>\u2013 Droit de retirer votre consentement \u00e0 tout moment<\/p>\n<p class=\"p1\"><b>9. Exercice des droits<\/b><\/p>\n<p class=\"p2\">Pour exercer vos droits, contactez :<br \/>\u2013 E-mail :<br \/>\u2013 Adresse postale :<br \/>Vous pouvez \u00e9galement introduire une r\u00e9clamation aupr\u00e8s de la CNIL (www.cnil.fr).<\/p>\n<p class=\"p1\"><b>10. Cookies et traceurs<\/b><\/p>\n<p class=\"p2\">Pour plus d\u2019informations sur notre utilisation des cookies, consultez notre Politique de gestion des cookies : sans objet.<\/p>\n<p class=\"p1\"><b>11. Mise \u00e0 jour de la politique<\/b><\/p>\n<p class=\"p2\">Cette politique de confidentialit\u00e9 peut \u00eatre modifi\u00e9e \u00e0 tout moment pour refl\u00e9ter les changements r\u00e9glementaires ou techniques.<br \/>Date de derni\u00e8re mise \u00e0 jour : 03\/12\/2025<\/p>\n<\/div>\n<\/div>\n<p>[\/et_pb_text][\/et_pb_column][\/et_pb_row][\/et_pb_section]<\/p>\n","protected":false},"excerpt":{"rendered":"<p>Politique de confidentialit\u00e9 1. Responsable du traitement \u2013 Nom \/ Raison sociale : Un nouvel \u00e9lan pour Epernay\u2013 Adresse : 5 rue Chocatelle 51200 Epernay\u2013\u00a0 E-mail : antoine0594@gmail.com 2. Donn\u00e9es collect\u00e9es Nous collectons les donn\u00e9es suivantes :\u2013 Donn\u00e9es d\u2019identification : nom, pr\u00e9nom\u2013 Coordonn\u00e9es : e-mail, t\u00e9l\u00e9phone, adresse 3. Finalit\u00e9s de la collecte Les donn\u00e9es collect\u00e9es [&hellip;]<\/p>\n","protected":false},"author":1,"featured_media":0,"parent":0,"menu_order":0,"comment_status":"closed","ping_status":"closed","template":"","meta":{"_et_pb_use_builder":"on","_et_pb_old_content":"","_et_gb_content_width":"","footnotes":""},"class_list":["post-112","page","type-page","status-publish","hentry"],"yoast_head":"<!-- This site is optimized with the Yoast SEO plugin v27.0 - https:\/\/yoast.com\/product\/yoast-seo-wordpress\/ -->\n<title>Politique de confidentialit\u00e9 - Un nouvel \u00e9lan pour Epernay<\/title>\n<meta name=\"robots\" content=\"index, follow, max-snippet:-1, max-image-preview:large, max-video-preview:-1\" \/>\n<link rel=\"canonical\" href=\"https:\/\/un-nouvel-elan-pour-epernay.fr\/?page_id=112\" \/>\n<meta property=\"og:locale\" content=\"fr_FR\" \/>\n<meta property=\"og:type\" content=\"article\" \/>\n<meta property=\"og:title\" content=\"Politique de confidentialit\u00e9 - Un nouvel \u00e9lan pour Epernay\" \/>\n<meta property=\"og:description\" content=\"Politique de confidentialit\u00e9 1. Responsable du traitement \u2013 Nom \/ Raison sociale : Un nouvel \u00e9lan pour Epernay\u2013 Adresse : 5 rue Chocatelle 51200 Epernay\u2013\u00a0 E-mail : antoine0594@gmail.com 2. Donn\u00e9es collect\u00e9es Nous collectons les donn\u00e9es suivantes :\u2013 Donn\u00e9es d\u2019identification : nom, pr\u00e9nom\u2013 Coordonn\u00e9es : e-mail, t\u00e9l\u00e9phone, adresse 3. Finalit\u00e9s de la collecte Les donn\u00e9es collect\u00e9es [&hellip;]\" \/>\n<meta property=\"og:url\" content=\"https:\/\/un-nouvel-elan-pour-epernay.fr\/?page_id=112\" \/>\n<meta property=\"og:site_name\" content=\"Un nouvel \u00e9lan pour Epernay\" \/>\n<meta property=\"article:publisher\" content=\"https:\/\/www.facebook.com\/939625312559368\" \/>\n<meta property=\"article:modified_time\" content=\"2025-12-05T10:21:16+00:00\" \/>\n<meta name=\"twitter:card\" content=\"summary_large_image\" \/>\n<meta name=\"twitter:label1\" content=\"Dur\u00e9e de lecture estim\u00e9e\" \/>\n\t<meta name=\"twitter:data1\" content=\"2 minutes\" \/>\n<script type=\"application\/ld+json\" class=\"yoast-schema-graph\">{\"@context\":\"https:\/\/schema.org\",\"@graph\":[{\"@type\":\"WebPage\",\"@id\":\"https:\/\/un-nouvel-elan-pour-epernay.fr\/?page_id=112\",\"url\":\"https:\/\/un-nouvel-elan-pour-epernay.fr\/?page_id=112\",\"name\":\"Politique de confidentialit\u00e9 - Un nouvel \u00e9lan pour Epernay\",\"isPartOf\":{\"@id\":\"https:\/\/un-nouvel-elan-pour-epernay.fr\/#website\"},\"datePublished\":\"2025-12-03T14:37:54+00:00\",\"dateModified\":\"2025-12-05T10:21:16+00:00\",\"breadcrumb\":{\"@id\":\"https:\/\/un-nouvel-elan-pour-epernay.fr\/?page_id=112#breadcrumb\"},\"inLanguage\":\"fr-FR\",\"potentialAction\":[{\"@type\":\"ReadAction\",\"target\":[\"https:\/\/un-nouvel-elan-pour-epernay.fr\/?page_id=112\"]}]},{\"@type\":\"BreadcrumbList\",\"@id\":\"https:\/\/un-nouvel-elan-pour-epernay.fr\/?page_id=112#breadcrumb\",\"itemListElement\":[{\"@type\":\"ListItem\",\"position\":1,\"name\":\"Accueil\",\"item\":\"https:\/\/un-nouvel-elan-pour-epernay.fr\/\"},{\"@type\":\"ListItem\",\"position\":2,\"name\":\"Politique de confidentialit\u00e9\"}]},{\"@type\":\"WebSite\",\"@id\":\"https:\/\/un-nouvel-elan-pour-epernay.fr\/#website\",\"url\":\"https:\/\/un-nouvel-elan-pour-epernay.fr\/\",\"name\":\"Un nouvel \u00e9lan pour \u00c9pernay\",\"description\":\"\",\"publisher\":{\"@id\":\"https:\/\/un-nouvel-elan-pour-epernay.fr\/#organization\"},\"potentialAction\":[{\"@type\":\"SearchAction\",\"target\":{\"@type\":\"EntryPoint\",\"urlTemplate\":\"https:\/\/un-nouvel-elan-pour-epernay.fr\/?s={search_term_string}\"},\"query-input\":{\"@type\":\"PropertyValueSpecification\",\"valueRequired\":true,\"valueName\":\"search_term_string\"}}],\"inLanguage\":\"fr-FR\"},{\"@type\":\"Organization\",\"@id\":\"https:\/\/un-nouvel-elan-pour-epernay.fr\/#organization\",\"name\":\"Antoine Humbert et la liste \\\"un nouvel \u00e9lan pour \u00c9pernay\\\"\",\"url\":\"https:\/\/un-nouvel-elan-pour-epernay.fr\/\",\"logo\":{\"@type\":\"ImageObject\",\"inLanguage\":\"fr-FR\",\"@id\":\"https:\/\/un-nouvel-elan-pour-epernay.fr\/#\/schema\/logo\/image\/\",\"url\":\"https:\/\/un-nouvel-elan-pour-epernay.fr\/wp-content\/uploads\/2025\/11\/logo_epernay-antoine.png\",\"contentUrl\":\"https:\/\/un-nouvel-elan-pour-epernay.fr\/wp-content\/uploads\/2025\/11\/logo_epernay-antoine.png\",\"width\":964,\"height\":482,\"caption\":\"Antoine Humbert et la liste \\\"un nouvel \u00e9lan pour \u00c9pernay\\\"\"},\"image\":{\"@id\":\"https:\/\/un-nouvel-elan-pour-epernay.fr\/#\/schema\/logo\/image\/\"},\"sameAs\":[\"https:\/\/www.facebook.com\/939625312559368\",\"https:\/\/www.instagram.com\/antoine_humbert_epernay\/\"]}]}<\/script>\n<!-- \/ Yoast SEO plugin. -->","yoast_head_json":{"title":"Politique de confidentialit\u00e9 - Un nouvel \u00e9lan pour Epernay","robots":{"index":"index","follow":"follow","max-snippet":"max-snippet:-1","max-image-preview":"max-image-preview:large","max-video-preview":"max-video-preview:-1"},"canonical":"https:\/\/un-nouvel-elan-pour-epernay.fr\/?page_id=112","og_locale":"fr_FR","og_type":"article","og_title":"Politique de confidentialit\u00e9 - Un nouvel \u00e9lan pour Epernay","og_description":"Politique de confidentialit\u00e9 1. Responsable du traitement \u2013 Nom \/ Raison sociale : Un nouvel \u00e9lan pour Epernay\u2013 Adresse : 5 rue Chocatelle 51200 Epernay\u2013\u00a0 E-mail : antoine0594@gmail.com 2. Donn\u00e9es collect\u00e9es Nous collectons les donn\u00e9es suivantes :\u2013 Donn\u00e9es d\u2019identification : nom, pr\u00e9nom\u2013 Coordonn\u00e9es : e-mail, t\u00e9l\u00e9phone, adresse 3. Finalit\u00e9s de la collecte Les donn\u00e9es collect\u00e9es [&hellip;]","og_url":"https:\/\/un-nouvel-elan-pour-epernay.fr\/?page_id=112","og_site_name":"Un nouvel \u00e9lan pour Epernay","article_publisher":"https:\/\/www.facebook.com\/939625312559368","article_modified_time":"2025-12-05T10:21:16+00:00","twitter_card":"summary_large_image","twitter_misc":{"Dur\u00e9e de lecture estim\u00e9e":"2 minutes"},"schema":{"@context":"https:\/\/schema.org","@graph":[{"@type":"WebPage","@id":"https:\/\/un-nouvel-elan-pour-epernay.fr\/?page_id=112","url":"https:\/\/un-nouvel-elan-pour-epernay.fr\/?page_id=112","name":"Politique de confidentialit\u00e9 - Un nouvel \u00e9lan pour Epernay","isPartOf":{"@id":"https:\/\/un-nouvel-elan-pour-epernay.fr\/#website"},"datePublished":"2025-12-03T14:37:54+00:00","dateModified":"2025-12-05T10:21:16+00:00","breadcrumb":{"@id":"https:\/\/un-nouvel-elan-pour-epernay.fr\/?page_id=112#breadcrumb"},"inLanguage":"fr-FR","potentialAction":[{"@type":"ReadAction","target":["https:\/\/un-nouvel-elan-pour-epernay.fr\/?page_id=112"]}]},{"@type":"BreadcrumbList","@id":"https:\/\/un-nouvel-elan-pour-epernay.fr\/?page_id=112#breadcrumb","itemListElement":[{"@type":"ListItem","position":1,"name":"Accueil","item":"https:\/\/un-nouvel-elan-pour-epernay.fr\/"},{"@type":"ListItem","position":2,"name":"Politique de confidentialit\u00e9"}]},{"@type":"WebSite","@id":"https:\/\/un-nouvel-elan-pour-epernay.fr\/#website","url":"https:\/\/un-nouvel-elan-pour-epernay.fr\/","name":"Un nouvel \u00e9lan pour \u00c9pernay","description":"","publisher":{"@id":"https:\/\/un-nouvel-elan-pour-epernay.fr\/#organization"},"potentialAction":[{"@type":"SearchAction","target":{"@type":"EntryPoint","urlTemplate":"https:\/\/un-nouvel-elan-pour-epernay.fr\/?s={search_term_string}"},"query-input":{"@type":"PropertyValueSpecification","valueRequired":true,"valueName":"search_term_string"}}],"inLanguage":"fr-FR"},{"@type":"Organization","@id":"https:\/\/un-nouvel-elan-pour-epernay.fr\/#organization","name":"Antoine Humbert et la liste \"un nouvel \u00e9lan pour \u00c9pernay\"","url":"https:\/\/un-nouvel-elan-pour-epernay.fr\/","logo":{"@type":"ImageObject","inLanguage":"fr-FR","@id":"https:\/\/un-nouvel-elan-pour-epernay.fr\/#\/schema\/logo\/image\/","url":"https:\/\/un-nouvel-elan-pour-epernay.fr\/wp-content\/uploads\/2025\/11\/logo_epernay-antoine.png","contentUrl":"https:\/\/un-nouvel-elan-pour-epernay.fr\/wp-content\/uploads\/2025\/11\/logo_epernay-antoine.png","width":964,"height":482,"caption":"Antoine Humbert et la liste \"un nouvel \u00e9lan pour \u00c9pernay\""},"image":{"@id":"https:\/\/un-nouvel-elan-pour-epernay.fr\/#\/schema\/logo\/image\/"},"sameAs":["https:\/\/www.facebook.com\/939625312559368","https:\/\/www.instagram.com\/antoine_humbert_epernay\/"]}]}},"_links":{"self":[{"href":"https:\/\/un-nouvel-elan-pour-epernay.fr\/index.php?rest_route=\/wp\/v2\/pages\/112","targetHints":{"allow":["GET"]}}],"collection":[{"href":"https:\/\/un-nouvel-elan-pour-epernay.fr\/index.php?rest_route=\/wp\/v2\/pages"}],"about":[{"href":"https:\/\/un-nouvel-elan-pour-epernay.fr\/index.php?rest_route=\/wp\/v2\/types\/page"}],"author":[{"embeddable":true,"href":"https:\/\/un-nouvel-elan-pour-epernay.fr\/index.php?rest_route=\/wp\/v2\/users\/1"}],"replies":[{"embeddable":true,"href":"https:\/\/un-nouvel-elan-pour-epernay.fr\/index.php?rest_route=%2Fwp%2Fv2%2Fcomments&post=112"}],"version-history":[{"count":5,"href":"https:\/\/un-nouvel-elan-pour-epernay.fr\/index.php?rest_route=\/wp\/v2\/pages\/112\/revisions"}],"predecessor-version":[{"id":164,"href":"https:\/\/un-nouvel-elan-pour-epernay.fr\/index.php?rest_route=\/wp\/v2\/pages\/112\/revisions\/164"}],"wp:attachment":[{"href":"https:\/\/un-nouvel-elan-pour-epernay.fr\/index.php?rest_route=%2Fwp%2Fv2%2Fmedia&parent=112"}],"curies":[{"name":"wp","href":"https:\/\/api.w.org\/{rel}","templated":true}]}}